{"id":37,"date":"2024-09-30T10:24:09","date_gmt":"2024-09-30T08:24:09","guid":{"rendered":"https:\/\/concept-habitat-bois-industrie.fr\/?page_id=37"},"modified":"2024-09-30T11:45:07","modified_gmt":"2024-09-30T09:45:07","slug":"constructeur-de-villa-bois-et-beton","status":"publish","type":"page","link":"https:\/\/concept-habitat-bois-industrie.fr\/","title":{"rendered":"CONSTRUCTEUR DE VILLA BOIS et BETON"},"content":{"rendered":"<h3>Concept Habitat Bois Industrie &#8211;<\/h3>\n<h3>ECT &#8211; Entreprise Construction Turpin<\/h3>\n<p><strong>Situ\u00e9e au Tampon 24 km plaine des cafres 97418.<\/strong><\/p>\n<p><strong>Responsable M. TURPIN :\u00a0 0692 59 30 25<br \/>\ne-maill: c2investissement@gmail.com<\/strong><\/p>\n<p>Sp\u00e9cialis\u00e9 dans la fabrication de maison \u00e0 ossature bois et la construction de villa BETON.<\/p>\n<p>Nous construisons des villas b\u00e9tons &amp; bois, et ossature m\u00e9ttalique pour petite surface.\u00a0 chalets (vente en kit \u00e9galement,fabrication locale) sur toute l ile, nos parteanaires sont les bureaux d&rsquo;\u00e9tudes R\u00e9unionnais, Architectes, Maitres d&rsquo;oeuvres. co-traitant divers corps d&rsquo;\u00e9tat (artisan).<\/p>\n<p>Une \u00e9quipe r\u00e9active et dynamique est \u00e0 votre service pour accomplir tout projet de construction dans le domaine de la fabrication de villas et de chalets en bois, de varangues, de pergolas&#8230;<\/p>\n<p>Notre activit\u00e9 s&rsquo;\u00e9tend aussi sur la r\u00e9novation b\u00e9ton, ravalement de fa\u00e7ade, peinture et lasure, d\u00e9molition, extension, ouverture, d\u00e9coration, am\u00e9nagement int\u00e9rieur et ext\u00e9rieur (jardin, cl\u00f4ture etc&#8230;) de 15 m\u00b2 \u00e0 500 m\u00b2 voir plus<\/p>\n<p>Construction l\u00e9g\u00e8re ossature metallique, sur dalle b\u00e9ton, jusqu&rsquo;a 40 m\u00b2 au de la de ces surfaces un BET est conseill\u00e9, mais \u00e9galement des hangars m\u00e9talliques pour le secteur agrocole comme industriel.<\/p>\n<p>Fort de notre exp\u00e9rience, nous vous garantissons un travail soign\u00e9 et de qualit\u00e9.<\/p>\n<p>tel 0692 59 30 25\u00a0 M. TURPIN<\/p>\n<p>e-mail:\u00a0 <a href=\"mailto:c2investissement@gmail.com\">c2investissement@gmail.com<\/a><\/p>\n","protected":false},"excerpt":{"rendered":"<p>Concept Habitat Bois Industrie &#8211; ECT &#8211; Entreprise Construction Turpin Situ\u00e9e au Tampon 24 km plaine des cafres 97418. Responsable [&hellip;]<\/p>\n","protected":false},"author":1,"featured_media":0,"parent":0,"menu_order":0,"comment_status":"closed","ping_status":"closed","template":"","meta":{"site-sidebar-layout":"default","site-content-layout":"","ast-site-content-layout":"default","site-content-style":"default","site-sidebar-style":"default","ast-global-header-display":"","ast-banner-title-visibility":"","ast-main-header-display":"","ast-hfb-above-header-display":"","ast-hfb-below-header-display":"","ast-hfb-mobile-header-display":"","site-post-title":"","ast-breadcrumbs-content":"","ast-featured-img":"","footer-sml-layout":"","ast-disable-related-posts":"","theme-transparent-header-meta":"default","adv-header-id-meta":"","stick-header-meta":"","header-above-stick-meta":"","header-main-stick-meta":"","header-below-stick-meta":"","astra-migrate-meta-layouts":"set","ast-page-background-enabled":"default","ast-page-background-meta":{"desktop":{"background-color":"var(--ast-global-color-4)","background-image":"","background-repeat":"repeat","background-position":"center center","background-size":"auto","background-attachment":"scroll","background-type":"","background-media":"","overlay-type":"","overlay-color":"","overlay-opacity":"","overlay-gradient":""},"tablet":{"background-color":"","background-image":"","background-repeat":"repeat","background-position":"center center","background-size":"auto","background-attachment":"scroll","background-type":"","background-media":"","overlay-type":"","overlay-color":"","overlay-opacity":"","overlay-gradient":""},"mobile":{"background-color":"","background-image":"","background-repeat":"repeat","background-position":"center center","background-size":"auto","background-attachment":"scroll","background-type":"","background-media":"","overlay-type":"","overlay-color":"","overlay-opacity":"","overlay-gradient":""}},"ast-content-background-meta":{"desktop":{"background-color":"var(--ast-global-color-5)","background-image":"","background-repeat":"repeat","background-position":"center center","background-size":"auto","background-attachment":"scroll","background-type":"","background-media":"","overlay-type":"","overlay-color":"","overlay-opacity":"","overlay-gradient":""},"tablet":{"background-color":"var(--ast-global-color-5)","background-image":"","background-repeat":"repeat","background-position":"center center","background-size":"auto","background-attachment":"scroll","background-type":"","background-media":"","overlay-type":"","overlay-color":"","overlay-opacity":"","overlay-gradient":""},"mobile":{"background-color":"var(--ast-global-color-5)","background-image":"","background-repeat":"repeat","background-position":"center center","background-size":"auto","background-attachment":"scroll","background-type":"","background-media":"","overlay-type":"","overlay-color":"","overlay-opacity":"","overlay-gradient":""}},"footnotes":""},"class_list":["post-37","page","type-page","status-publish","hentry"],"_links":{"self":[{"href":"https:\/\/concept-habitat-bois-industrie.fr\/index.php\/wp-json\/wp\/v2\/pages\/37","targetHints":{"allow":["GET"]}}],"collection":[{"href":"https:\/\/concept-habitat-bois-industrie.fr\/index.php\/wp-json\/wp\/v2\/pages"}],"about":[{"href":"https:\/\/concept-habitat-bois-industrie.fr\/index.php\/wp-json\/wp\/v2\/types\/page"}],"author":[{"embeddable":true,"href":"https:\/\/concept-habitat-bois-industrie.fr\/index.php\/wp-json\/wp\/v2\/users\/1"}],"replies":[{"embeddable":true,"href":"https:\/\/concept-habitat-bois-industrie.fr\/index.php\/wp-json\/wp\/v2\/comments?post=37"}],"version-history":[{"count":2,"href":"https:\/\/concept-habitat-bois-industrie.fr\/index.php\/wp-json\/wp\/v2\/pages\/37\/revisions"}],"predecessor-version":[{"id":112,"href":"https:\/\/concept-habitat-bois-industrie.fr\/index.php\/wp-json\/wp\/v2\/pages\/37\/revisions\/112"}],"wp:attachment":[{"href":"https:\/\/concept-habitat-bois-industrie.fr\/index.php\/wp-json\/wp\/v2\/media?parent=37"}],"curies":[{"name":"wp","href":"https:\/\/api.w.org\/{rel}","templated":true}]}}