{"id":140,"date":"2024-09-30T14:38:20","date_gmt":"2024-09-30T12:38:20","guid":{"rendered":"https:\/\/concept-habitat-bois-industrie.fr\/?page_id=140"},"modified":"2024-10-01T12:19:25","modified_gmt":"2024-10-01T10:19:25","slug":"promotions-2018","status":"publish","type":"page","link":"https:\/\/concept-habitat-bois-industrie.fr\/index.php\/promotions-2018\/","title":{"rendered":"Promotions 2018"},"content":{"rendered":"<div class=\"supplement\">Votre kiosque de 12 m2 mont\u00e9 chez vous pour 800 euro sur dalle b\u00e9ton ou plots b\u00e9ton*. *(voir condition de montage, la dalle ou les plots b\u00e9tons sont pas compris dans le montage)<\/div>\n<div class=\"supplement\">contact 0692 59 30 25<\/div>\n<div class=\"texte\">\n<h3>FABRICATION PEI<\/h3>\n<h3><img loading=\"lazy\" decoding=\"async\" class=\"size-medium wp-image-141 alignleft\" src=\"https:\/\/concept-habitat-bois-industrie.fr\/wp-content\/uploads\/2024\/09\/IMG_0216-300x237.jpg\" alt=\"\" width=\"300\" height=\"237\" srcset=\"https:\/\/concept-habitat-bois-industrie.fr\/wp-content\/uploads\/2024\/09\/IMG_0216-300x237.jpg 300w, https:\/\/concept-habitat-bois-industrie.fr\/wp-content\/uploads\/2024\/09\/IMG_0216-768x606.jpg 768w, https:\/\/concept-habitat-bois-industrie.fr\/wp-content\/uploads\/2024\/09\/IMG_0216.jpg 800w\" sizes=\"auto, (max-width: 300px) 100vw, 300px\" \/>kiosque de 12 m\u00b2<\/h3>\n<p>le kit pr\u00e9-assembler pr\u00eat a monter. Contrevent\u00e9, on peux adapter facilement des baies vitr\u00e9e. Modulable, il est possible d&rsquo;installer des gardes corps, un plancher bois, de fermer les fa\u00e7ades par des panneaux bois.<\/p>\n<p>Livraison et montage possible *voir condition de vente<\/p>\n<p>Bois trait\u00e9 classe 4 fongicide et insecticide r\u00e9pondant aux NF et Europ\u00e9enne.<\/p>\n<p>Concept et fabrication r\u00e9unionnaise.<\/p>\n<h3><span class=\"txt_bold\">3900,00 \u20ac<\/span><\/h3>\n<\/div>\n","protected":false},"excerpt":{"rendered":"<p>Votre kiosque de 12 m2 mont\u00e9 chez vous pour 800 euro sur dalle b\u00e9ton ou plots b\u00e9ton*. *(voir condition de [&hellip;]<\/p>\n","protected":false},"author":1,"featured_media":0,"parent":0,"menu_order":0,"comment_status":"closed","ping_status":"closed","template":"","meta":{"site-sidebar-layout":"default","site-content-layout":"","ast-site-content-layout":"default","site-content-style":"default","site-sidebar-style":"default","ast-global-header-display":"","ast-banner-title-visibility":"","ast-main-header-display":"","ast-hfb-above-header-display":"","ast-hfb-below-header-display":"","ast-hfb-mobile-header-display":"","site-post-title":"","ast-breadcrumbs-content":"","ast-featured-img":"","footer-sml-layout":"","ast-disable-related-posts":"","theme-transparent-header-meta":"default","adv-header-id-meta":"","stick-header-meta":"","header-above-stick-meta":"","header-main-stick-meta":"","header-below-stick-meta":"","astra-migrate-meta-layouts":"set","ast-page-background-enabled":"default","ast-page-background-meta":{"desktop":{"background-color":"var(--ast-global-color-4)","background-image":"","background-repeat":"repeat","background-position":"center center","background-size":"auto","background-attachment":"scroll","background-type":"","background-media":"","overlay-type":"","overlay-color":"","overlay-opacity":"","overlay-gradient":""},"tablet":{"background-color":"","background-image":"","background-repeat":"repeat","background-position":"center center","background-size":"auto","background-attachment":"scroll","background-type":"","background-media":"","overlay-type":"","overlay-color":"","overlay-opacity":"","overlay-gradient":""},"mobile":{"background-color":"","background-image":"","background-repeat":"repeat","background-position":"center center","background-size":"auto","background-attachment":"scroll","background-type":"","background-media":"","overlay-type":"","overlay-color":"","overlay-opacity":"","overlay-gradient":""}},"ast-content-background-meta":{"desktop":{"background-color":"var(--ast-global-color-5)","background-image":"","background-repeat":"repeat","background-position":"center center","background-size":"auto","background-attachment":"scroll","background-type":"","background-media":"","overlay-type":"","overlay-color":"","overlay-opacity":"","overlay-gradient":""},"tablet":{"background-color":"var(--ast-global-color-5)","background-image":"","background-repeat":"repeat","background-position":"center center","background-size":"auto","background-attachment":"scroll","background-type":"","background-media":"","overlay-type":"","overlay-color":"","overlay-opacity":"","overlay-gradient":""},"mobile":{"background-color":"var(--ast-global-color-5)","background-image":"","background-repeat":"repeat","background-position":"center center","background-size":"auto","background-attachment":"scroll","background-type":"","background-media":"","overlay-type":"","overlay-color":"","overlay-opacity":"","overlay-gradient":""}},"footnotes":""},"class_list":["post-140","page","type-page","status-publish","hentry"],"_links":{"self":[{"href":"https:\/\/concept-habitat-bois-industrie.fr\/index.php\/wp-json\/wp\/v2\/pages\/140","targetHints":{"allow":["GET"]}}],"collection":[{"href":"https:\/\/concept-habitat-bois-industrie.fr\/index.php\/wp-json\/wp\/v2\/pages"}],"about":[{"href":"https:\/\/concept-habitat-bois-industrie.fr\/index.php\/wp-json\/wp\/v2\/types\/page"}],"author":[{"embeddable":true,"href":"https:\/\/concept-habitat-bois-industrie.fr\/index.php\/wp-json\/wp\/v2\/users\/1"}],"replies":[{"embeddable":true,"href":"https:\/\/concept-habitat-bois-industrie.fr\/index.php\/wp-json\/wp\/v2\/comments?post=140"}],"version-history":[{"count":2,"href":"https:\/\/concept-habitat-bois-industrie.fr\/index.php\/wp-json\/wp\/v2\/pages\/140\/revisions"}],"predecessor-version":[{"id":157,"href":"https:\/\/concept-habitat-bois-industrie.fr\/index.php\/wp-json\/wp\/v2\/pages\/140\/revisions\/157"}],"wp:attachment":[{"href":"https:\/\/concept-habitat-bois-industrie.fr\/index.php\/wp-json\/wp\/v2\/media?parent=140"}],"curies":[{"name":"wp","href":"https:\/\/api.w.org\/{rel}","templated":true}]}}