{"id":126,"date":"2024-09-30T14:30:30","date_gmt":"2024-09-30T12:30:30","guid":{"rendered":"https:\/\/concept-habitat-bois-industrie.fr\/?page_id=126"},"modified":"2024-09-30T14:30:30","modified_gmt":"2024-09-30T12:30:30","slug":"t4-a-35000-euros-le-kit-bois","status":"publish","type":"page","link":"https:\/\/concept-habitat-bois-industrie.fr\/index.php\/t4-a-35000-euros-le-kit-bois\/","title":{"rendered":"T4 \u00e0 35000 Euros le kit bois"},"content":{"rendered":"<h3>Mod\u00e8le en kit bois le T2\/T3 de 71.24 M\u00b2 \u00e0 partir de 24000 \u20ac<\/h3>\n<p><strong>Maison bois modulable, extension possible avec deux pi\u00e8ces (92.90 m\u00b2) ou 4 pi\u00e8ces (114.74) suppl\u00e9mentaires<\/strong><\/p>\n<p><em>*Voir condition de vente en usine \u00ab\u00a0prix usine\u00a0\u00bb<\/em><\/p>\n<p><img loading=\"lazy\" decoding=\"async\" class=\"alignnone size-medium wp-image-127\" src=\"https:\/\/concept-habitat-bois-industrie.fr\/wp-content\/uploads\/2024\/09\/T2-7124-300x200.jpg\" alt=\"\" width=\"300\" height=\"200\" srcset=\"https:\/\/concept-habitat-bois-industrie.fr\/wp-content\/uploads\/2024\/09\/T2-7124-300x200.jpg 300w, https:\/\/concept-habitat-bois-industrie.fr\/wp-content\/uploads\/2024\/09\/T2-7124-768x511.jpg 768w, https:\/\/concept-habitat-bois-industrie.fr\/wp-content\/uploads\/2024\/09\/T2-7124.jpg 861w\" sizes=\"auto, (max-width: 300px) 100vw, 300px\" \/>Achat du kit bois complet hors t\u00f4le et menuiserie 24 000 euro TTC pr\u00eat \u00e0 assembler.<\/p>\n<p>Le montage est facile, possibilit\u00e9 d&rsquo;avoir une assistance technique pour l&rsquo;assemblage(voir condition de vente)<\/p>\n<p>Hors transport, tarif usine. Livraison usine<\/p>\n<p>Fabrication PEI, usine \u00e0 St Pierre, bois de m\u00e9tropole (pin sylvestre), normes NF<\/p>\n<p>Traitement classe 4 fongicide et insecticide, anti-termites.<\/p>\n<p>t\u00e9l\u00e9charger le plan : <a href=\"https:\/\/concept-habitat-bois-industrie.fr\/wp-content\/uploads\/2024\/09\/T2-71.pdf\">T2-71.pdf<\/a><\/p>\n<p><em>Vous pouvez monter votre villa bois vous m\u00eame avec notre assistance technique, nous pouvons \u00e9galement livrer toiture t\u00f4le et menuiserie aluminium. (Nous consulter pour les options de fournitures)<br \/>\nVous \u00e9conomiserez consid\u00e9rablement si vous r\u00e9alis\u00e9 vous m\u00eame le montage de votre maison.<br \/>\nExemple : Vous avez la possibilit\u00e9 de prendre un professionnel pour l&rsquo;\u00e9lectricit\u00e9 et la plomberie, si cela n&rsquo;est pas votre domaine.<\/em><\/p>\n","protected":false},"excerpt":{"rendered":"<p>Mod\u00e8le en kit bois le T2\/T3 de 71.24 M\u00b2 \u00e0 partir de 24000 \u20ac Maison bois modulable, extension possible avec [&hellip;]<\/p>\n","protected":false},"author":1,"featured_media":0,"parent":0,"menu_order":0,"comment_status":"closed","ping_status":"closed","template":"","meta":{"site-sidebar-layout":"default","site-content-layout":"","ast-site-content-layout":"default","site-content-style":"default","site-sidebar-style":"default","ast-global-header-display":"","ast-banner-title-visibility":"","ast-main-header-display":"","ast-hfb-above-header-display":"","ast-hfb-below-header-display":"","ast-hfb-mobile-header-display":"","site-post-title":"","ast-breadcrumbs-content":"","ast-featured-img":"","footer-sml-layout":"","ast-disable-related-posts":"","theme-transparent-header-meta":"default","adv-header-id-meta":"","stick-header-meta":"","header-above-stick-meta":"","header-main-stick-meta":"","header-below-stick-meta":"","astra-migrate-meta-layouts":"set","ast-page-background-enabled":"default","ast-page-background-meta":{"desktop":{"background-color":"var(--ast-global-color-4)","background-image":"","background-repeat":"repeat","background-position":"center center","background-size":"auto","background-attachment":"scroll","background-type":"","background-media":"","overlay-type":"","overlay-color":"","overlay-opacity":"","overlay-gradient":""},"tablet":{"background-color":"","background-image":"","background-repeat":"repeat","background-position":"center center","background-size":"auto","background-attachment":"scroll","background-type":"","background-media":"","overlay-type":"","overlay-color":"","overlay-opacity":"","overlay-gradient":""},"mobile":{"background-color":"","background-image":"","background-repeat":"repeat","background-position":"center center","background-size":"auto","background-attachment":"scroll","background-type":"","background-media":"","overlay-type":"","overlay-color":"","overlay-opacity":"","overlay-gradient":""}},"ast-content-background-meta":{"desktop":{"background-color":"var(--ast-global-color-5)","background-image":"","background-repeat":"repeat","background-position":"center center","background-size":"auto","background-attachment":"scroll","background-type":"","background-media":"","overlay-type":"","overlay-color":"","overlay-opacity":"","overlay-gradient":""},"tablet":{"background-color":"var(--ast-global-color-5)","background-image":"","background-repeat":"repeat","background-position":"center center","background-size":"auto","background-attachment":"scroll","background-type":"","background-media":"","overlay-type":"","overlay-color":"","overlay-opacity":"","overlay-gradient":""},"mobile":{"background-color":"var(--ast-global-color-5)","background-image":"","background-repeat":"repeat","background-position":"center center","background-size":"auto","background-attachment":"scroll","background-type":"","background-media":"","overlay-type":"","overlay-color":"","overlay-opacity":"","overlay-gradient":""}},"footnotes":""},"class_list":["post-126","page","type-page","status-publish","hentry"],"_links":{"self":[{"href":"https:\/\/concept-habitat-bois-industrie.fr\/index.php\/wp-json\/wp\/v2\/pages\/126","targetHints":{"allow":["GET"]}}],"collection":[{"href":"https:\/\/concept-habitat-bois-industrie.fr\/index.php\/wp-json\/wp\/v2\/pages"}],"about":[{"href":"https:\/\/concept-habitat-bois-industrie.fr\/index.php\/wp-json\/wp\/v2\/types\/page"}],"author":[{"embeddable":true,"href":"https:\/\/concept-habitat-bois-industrie.fr\/index.php\/wp-json\/wp\/v2\/users\/1"}],"replies":[{"embeddable":true,"href":"https:\/\/concept-habitat-bois-industrie.fr\/index.php\/wp-json\/wp\/v2\/comments?post=126"}],"version-history":[{"count":1,"href":"https:\/\/concept-habitat-bois-industrie.fr\/index.php\/wp-json\/wp\/v2\/pages\/126\/revisions"}],"predecessor-version":[{"id":129,"href":"https:\/\/concept-habitat-bois-industrie.fr\/index.php\/wp-json\/wp\/v2\/pages\/126\/revisions\/129"}],"wp:attachment":[{"href":"https:\/\/concept-habitat-bois-industrie.fr\/index.php\/wp-json\/wp\/v2\/media?parent=126"}],"curies":[{"name":"wp","href":"https:\/\/api.w.org\/{rel}","templated":true}]}}